{"id":14,"date":"2020-05-29T12:27:12","date_gmt":"2020-05-29T15:27:12","guid":{"rendered":"http:\/\/linvi.unp.edu.ar\/?page_id=14"},"modified":"2025-06-04T11:24:53","modified_gmt":"2025-06-04T14:24:53","slug":"el-momap","status":"publish","type":"page","link":"https:\/\/momap.ing.unp.edu.ar\/index.php\/el-momap\/","title":{"rendered":"El MoMAp"},"content":{"rendered":"\n<p>El Grupo de modelado matem\u00e1tico y aplicaciones se formaliza como unidad de investigaci\u00f3n de la Facultad de Ingenier\u00eda de la Universidad Nacional de la Patagonia San Juan Bosco en las sedes de Puerto Madryn y Trelew en diciembre de 2023 (Res. C.S. N\u00b0 151\/23).<\/p>\n\n\n\n<p>El MoMAp tiene como objetivos principales contribuir, a trav\u00e9s de herramientas matem\u00e1ticas, a la resoluci\u00f3n de problemas de inter\u00e9s regional relacionados a la industria de procesos y el turismo, as\u00ed como divulgar la matem\u00e1tica y la importancia de su vinculaci\u00f3n con otras disciplinas.<\/p>\n\n\n\n<p>La creaci\u00f3n del grupo busca consolidar las actividades de investigaci\u00f3n en matem\u00e1tica y aplicaciones de la matem\u00e1tica, fomentando la formaci\u00f3n de investigadores, el trabajo interdisciplinario y las interacci\u00f3n con otros grupos y disciplinas como la biolog\u00eda, la ecolog\u00eda, la ingenier\u00eda de procesos y la inform\u00e1tica, entre otras.<\/p>\n","protected":false},"excerpt":{"rendered":"<p>El Grupo de modelado matem\u00e1tico y aplicaciones se formaliza como unidad de investigaci\u00f3n de la Facultad de Ingenier\u00eda de la Universidad Nacional de la Patagonia San Juan Bosco en las sedes de Puerto Madryn y Trelew en diciembre de 2023 (Res. C.S. N\u00b0 151\/23). El MoMAp tiene como objetivos principales contribuir, a trav\u00e9s de herramientas &#8230; <a title=\"El MoMAp\" class=\"read-more\" href=\"https:\/\/momap.ing.unp.edu.ar\/index.php\/el-momap\/\" aria-label=\"Leer m\u00e1s sobre El MoMAp\">Leer m\u00e1s<\/a><\/p>\n","protected":false},"author":1,"featured_media":0,"parent":0,"menu_order":0,"comment_status":"closed","ping_status":"closed","template":"","meta":{"_acf_changed":false,"footnotes":""},"class_list":["post-14","page","type-page","status-publish"],"acf":[],"_links":{"self":[{"href":"https:\/\/momap.ing.unp.edu.ar\/index.php\/wp-json\/wp\/v2\/pages\/14","targetHints":{"allow":["GET"]}}],"collection":[{"href":"https:\/\/momap.ing.unp.edu.ar\/index.php\/wp-json\/wp\/v2\/pages"}],"about":[{"href":"https:\/\/momap.ing.unp.edu.ar\/index.php\/wp-json\/wp\/v2\/types\/page"}],"author":[{"embeddable":true,"href":"https:\/\/momap.ing.unp.edu.ar\/index.php\/wp-json\/wp\/v2\/users\/1"}],"replies":[{"embeddable":true,"href":"https:\/\/momap.ing.unp.edu.ar\/index.php\/wp-json\/wp\/v2\/comments?post=14"}],"version-history":[{"count":11,"href":"https:\/\/momap.ing.unp.edu.ar\/index.php\/wp-json\/wp\/v2\/pages\/14\/revisions"}],"predecessor-version":[{"id":782,"href":"https:\/\/momap.ing.unp.edu.ar\/index.php\/wp-json\/wp\/v2\/pages\/14\/revisions\/782"}],"wp:attachment":[{"href":"https:\/\/momap.ing.unp.edu.ar\/index.php\/wp-json\/wp\/v2\/media?parent=14"}],"curies":[{"name":"wp","href":"https:\/\/api.w.org\/{rel}","templated":true}]}}