{"id":18,"date":"2020-05-29T12:30:02","date_gmt":"2020-05-29T15:30:02","guid":{"rendered":"http:\/\/linvi.unp.edu.ar\/?page_id=18"},"modified":"2025-02-26T10:20:59","modified_gmt":"2025-02-26T13:20:59","slug":"equipo-de-id","status":"publish","type":"page","link":"https:\/\/momap.ing.unp.edu.ar\/index.php\/equipo-de-id\/","title":{"rendered":"\u00bfQuienes somos?"},"content":{"rendered":"\n<p><\/p>\n\n\n<div class=\"abcfslGridCntr  abcfslMLRAuto slv171_t80_L abcfslGridCntr_80\" style=\"width:90%; max-width:90%;\"><div class=\"abcfslItemCntrLst abcfslPadBMB30 abcfClrFix\"><div class=\"abcfslLstCol abcfslLstCol-3 abcfslImgColLst\"><div class=\"abcfslImgCntrLst abcfslMLRPc3\"><img decoding=\"async\"  src=\"https:\/\/momap.ing.unp.edu.ar\/wp-content\/uploads\/2025\/02\/Mariano.webmomap-e1749567322588.jpg\" class=\"abcfslImgBorder1\" style=\"width: 70%;\" alt=\"\" itemprop=\"image\" loading=lazy \/><\/div><\/div><div class=\"abcfslLstCol abcfslLstCol-9 abcfslTxtColLst\"><div class=\"abcfslTxtCntrLst  80PadLPc5\"><h3 class=\"MP-F1\"><span class=\"abcfslSpanMP1\">Mariano <\/span><span class=\"abcfslSpanMP2\">Ferrari <\/span><\/h3><div class=\"abcfslMT10  abcfslF14 T-F2\">Director - Docente Investigador<\/div><div class=\"abcfslMT10  abcfslF14 T-F3\">Sistemas din\u00e1micos, modelizaci\u00f3n<\/div><div class=\"MP-F4\" style=\"content: &quot;\\A&quot;;   white-space: pre;\"><span class=\"abcfslSpanMP1\">Dr. en matem\u00e1tica <\/span><\/div><div class=\"abcfslMT10  abcfslF14 EM-F5\"><a href=\"mailto:mferrari7@gmail.com\">mferrari7@gmail.com<\/a><\/div><div class=\"abcfslSocialIconsA\"><\/div><div class=\"abcfslMT30  abcfslF16 PT-F6\">Hice la licenciatura y el doctorado en la Universidad Nacional del Sur y hace varios a\u00f1os que soy profesor de la Facultad de Ingenier\u00eda, Universidad Nacional de la Patagonia San Juan Bosco, e Investigador del Conicet. Me interesan las aplicaciones de la matem\u00e1tica en general y en particular los modelos basados en sistemas din\u00e1micos. Los problemas de aplicaci\u00f3n me resultan muy motivadores porque nos permiten aprender otras disciplinas y relacionarlas con las estructuras abstractas que forman parte de las diversas ramas de la matem\u00e1tica, en un proceso enriquecedor para todas las partes involucradas. Creo en la dimensi\u00f3n humana de la matem\u00e1tica y de la ciencia en general, como una construcci\u00f3n cultural colectiva. Adem\u00e1s del trabajo me gusta mucho caminar, ya sea por la monta\u00f1a o por la costa.<\/div><\/div><\/div><\/div><div class=\"abcfslItemCntrLst abcfslPadBMB30 abcfClrFix\"><div class=\"abcfslLstCol abcfslLstCol-3 abcfslImgColLst\"><div class=\"abcfslImgCntrLst abcfslMLRPc3\"><img decoding=\"async\"  src=\"https:\/\/momap.ing.unp.edu.ar\/wp-content\/uploads\/2025\/02\/jimefoto-e1739994657742-300x300.jpg\" class=\"abcfslImgBorder1\" style=\"width: 70%;\" alt=\"\" itemprop=\"image\" loading=lazy \/><\/div><\/div><div class=\"abcfslLstCol abcfslLstCol-9 abcfslTxtColLst\"><div class=\"abcfslTxtCntrLst  80PadLPc5\"><h3 class=\"MP-F1\"><span class=\"abcfslSpanMP1\">Jimena <\/span><span class=\"abcfslSpanMP2\">Dima <\/span><\/h3><div class=\"abcfslMT10  abcfslF14 T-F2\">Vicedirectora - Docente Investigadora<\/div><div class=\"abcfslMT10  abcfslF14 T-F3\">Ingenier\u00eda de procesos, Alimentos y medio ambiente<\/div><div class=\"MP-F4\" style=\"content: &quot;\\A&quot;;   white-space: pre;\"><span class=\"abcfslSpanMP1\">Dra. en Ingenier\u00eda <\/span><\/div><div class=\"abcfslMT10  abcfslF14 EM-F5\"><a href=\"mailto:jimenabdima@gmail.com\">jimenabdima@gmail.com<\/a><\/div><div class=\"abcfslSocialIconsA\"><\/div><div class=\"abcfslMT30  abcfslF16 PT-F6\">Hola! Soy Jimena y soy Doctora en Ingenier\u00eda por la Universidad Nacional de La Plata. Estudi\u00e9 ingenier\u00eda porque era la \u00fanica carrera, en donde yo viv\u00eda,  que ten\u00eda matem\u00e1tica y que m\u00e1s o menos era lo que sab\u00eda hacer. Sin importar para que sirvieran me ayudaban a pensar y a pasar tiempo pensando en otros mundos. Actualmente soy profesora de matem\u00e1tica en la facultad de Ingenier\u00eda e investigadora del Conicet. Trabajo en la aplicaci\u00f3n de la matem\u00e1tica en  la ingenier\u00eda de procesos, principalmente  en fen\u00f3menos que involucran transferencia de calor o de materia. Me gusta mucho nadar y ver teatro o danza,  que me producen una alegr\u00eda similar a cuando  estudiaba.<\/div><\/div><\/div><\/div><div class=\"abcfslItemCntrLst abcfslPadBMB30 abcfClrFix\"><div class=\"abcfslLstCol abcfslLstCol-3 abcfslImgColLst\"><div class=\"abcfslImgCntrLst abcfslMLRPc3\"><img decoding=\"async\"  src=\"https:\/\/momap.ing.unp.edu.ar\/wp-content\/uploads\/2025\/02\/Paola.webmomap-e1739890461884-300x300.jpg\" class=\"abcfslImgBorder1\" style=\"width: 70%;\" alt=\"\" itemprop=\"image\"  \/><\/div><\/div><div class=\"abcfslLstCol abcfslLstCol-9 abcfslTxtColLst\"><div class=\"abcfslTxtCntrLst  80PadLPc5\"><h3 class=\"MP-F1\"><span class=\"abcfslSpanMP1\">Paola <\/span><span class=\"abcfslSpanMP2\">Bonfili <\/span><\/h3><div class=\"abcfslMT10  abcfslF14 T-F2\">Docente Investigadora<\/div><div class=\"abcfslMT10  abcfslF14 T-F3\">Sistemas din\u00e1micos, ecuaciones diferenciales<\/div><div class=\"MP-F4\" style=\"content: &quot;\\A&quot;;   white-space: pre;\"><span class=\"abcfslSpanMP1\">Mg. en matem\u00e1tica <\/span><\/div><div class=\"abcfslMT10  abcfslF14 EM-F5\"><a href=\"mailto:p_bonfili@hotmail.com\">p_bonfili@hotmail.com<\/a><\/div><div class=\"abcfslSocialIconsA\"><\/div><div class=\"abcfslMT30  abcfslF16 PT-F6\">Me recib\u00ed de licenciada en matem\u00e1tica en la UNPSJB y de Magister en la Universidad Nacional del Sur. Trabajo en el estudio de sistemas din\u00e1micos, en particular en el estudio de funcionamiento de paneles solares. Soy profesora en el Profesorado Universitario en Matem\u00e1tica y coordino actividades de extensi\u00f3n en la Sede Trelew.\r\nMe interesa fortalecer el equipo que trabaja en matem\u00e1tica en la sede. Mi ilusi\u00f3n es que la matem\u00e1tica no se vea con un problema en la vida de las personas, sino como una soluci\u00f3n.<\/div><\/div><\/div><\/div><div class=\"abcfslItemCntrLst abcfslPadBMB30 abcfClrFix\"><div class=\"abcfslLstCol abcfslLstCol-3 abcfslImgColLst\"><div class=\"abcfslImgCntrLst abcfslMLRPc3\"><img decoding=\"async\"  src=\"https:\/\/momap.ing.unp.edu.ar\/wp-content\/uploads\/2025\/02\/Ivan.webmomap-e1739890408260-300x300.jpg\" class=\"abcfslImgBorder1\" style=\"width: 70%;\" alt=\"\" itemprop=\"image\"  \/><\/div><\/div><div class=\"abcfslLstCol abcfslLstCol-9 abcfslTxtColLst\"><div class=\"abcfslTxtCntrLst  80PadLPc5\"><h3 class=\"MP-F1\"><span class=\"abcfslSpanMP1\">Iv\u00e1n <\/span><span class=\"abcfslSpanMP2\">Mandelman <\/span><\/h3><div class=\"abcfslMT10  abcfslF14 T-F2\">Docente Investigador<\/div><div class=\"abcfslMT10  abcfslF14 T-F3\">Optimizaci\u00f3n, modelizaci\u00f3n, redes neuronales<\/div><div class=\"MP-F4\" style=\"content: &quot;\\A&quot;;   white-space: pre;\"><span class=\"abcfslSpanMP1\">Dr. en matem\u00e1tica <\/span><\/div><div class=\"abcfslMT10  abcfslF14 EM-F5\"><a href=\"mailto:imandelman@mi.unc.edu.ar\">imandelman@mi.unc.edu.ar<\/a><\/div><div class=\"abcfslSocialIconsA\"><\/div><div class=\"abcfslMT30  abcfslF16 PT-F6\">Hola! Soy Doctor en Matem\u00e1tica por la Facultad de Matem\u00e1tica, Astronom\u00eda, F\u00edsica y Computaci\u00f3n (FAMAF-UNC). Mi inter\u00e9s general son los problemas de matem\u00e1tica aplicada que pueden resolverse para casos reales y que implican un aporte a la sociedad. Mis trabajos incluyen la resoluci\u00f3n num\u00e9rica de ecuaciones diferenciales en derivadas parciales, optimizaci\u00f3n, modelizaci\u00f3n, y utilizaci\u00f3n de inteligencia artificial (en particular redes neuronales) en problemas de regresi\u00f3n y clasificaci\u00f3n. Actualmente me desempe\u00f1o como docente en las materias de C\u00e1lculo Num\u00e9rico en la Facultad de Ingenier\u00eda (UNPSJB - Sede Trelew) y Matem\u00e1tica para Ingenier\u00eda en la Universidad Tecnol\u00f3gica Nacional (UTN FRCh). Soy un aficionado del tenis y ping pong, y de los juegos de mesa en general.<\/div><\/div><\/div><\/div><\/div>\n","protected":false},"excerpt":{"rendered":"","protected":false},"author":1,"featured_media":0,"parent":0,"menu_order":0,"comment_status":"closed","ping_status":"closed","template":"","meta":{"_acf_changed":false,"footnotes":""},"class_list":["post-18","page","type-page","status-publish"],"acf":[],"_links":{"self":[{"href":"https:\/\/momap.ing.unp.edu.ar\/index.php\/wp-json\/wp\/v2\/pages\/18","targetHints":{"allow":["GET"]}}],"collection":[{"href":"https:\/\/momap.ing.unp.edu.ar\/index.php\/wp-json\/wp\/v2\/pages"}],"about":[{"href":"https:\/\/momap.ing.unp.edu.ar\/index.php\/wp-json\/wp\/v2\/types\/page"}],"author":[{"embeddable":true,"href":"https:\/\/momap.ing.unp.edu.ar\/index.php\/wp-json\/wp\/v2\/users\/1"}],"replies":[{"embeddable":true,"href":"https:\/\/momap.ing.unp.edu.ar\/index.php\/wp-json\/wp\/v2\/comments?post=18"}],"version-history":[{"count":3,"href":"https:\/\/momap.ing.unp.edu.ar\/index.php\/wp-json\/wp\/v2\/pages\/18\/revisions"}],"predecessor-version":[{"id":641,"href":"https:\/\/momap.ing.unp.edu.ar\/index.php\/wp-json\/wp\/v2\/pages\/18\/revisions\/641"}],"wp:attachment":[{"href":"https:\/\/momap.ing.unp.edu.ar\/index.php\/wp-json\/wp\/v2\/media?parent=18"}],"curies":[{"name":"wp","href":"https:\/\/api.w.org\/{rel}","templated":true}]}}