{"id":2,"date":"2020-05-21T20:35:35","date_gmt":"2020-05-21T23:35:35","guid":{"rendered":"http:\/\/linvi.unp.edu.ar\/?page_id=2"},"modified":"2020-10-14T10:10:22","modified_gmt":"2020-10-14T13:10:22","slug":"pagina-ejemplo","status":"publish","type":"page","link":"https:\/\/momap.ing.unp.edu.ar\/","title":{"rendered":"Novedades"},"content":{"rendered":"      <div id=\"post-grid-lazy-106\" class=\"post-grid-lazy\"><img decoding=\"async\" alt=\"\" src=\"\" \/><\/div>\n    <script>\n      jQuery('#post-grid-lazy-106').ready(function($) {\n        $('#post-grid-lazy-106').fadeOut();\n        $('#post-grid-106   ').fadeIn();\n      })\n    <\/script>\n    <style type=\"text\/css\">\n      #post-grid-106 {\n        display: none;\n      }\n\n      .post-grid-lazy {\n        text-align: center;\n      }\n    <\/style>\n    <div data-options='{&quot;id&quot;:&quot;106&quot;,&quot;lazy_load&quot;:&quot;yes&quot;,&quot;masonry_enable&quot;:&quot;no&quot;,&quot;view_type&quot;:&quot;grid&quot;}' id=\"post-grid-106\" class=\"post-grid grid\">\n        <div class=\"grid-items\">\n      <div class=\"item item-806 skin flat even 0 \">\n        <div class=\"layer-wrapper layout-\">\n        <div class=\"layer-media\"><\/div>\n  <div class=\"layer-content\">\n        <div\n        class=\"element element_0  element-media \">\n        <a target=\"_self\" href=\"https:\/\/momap.ing.unp.edu.ar\/index.php\/2026\/03\/03\/encuentro-rsme-uma-2025\/\"><img loading=\"lazy\" decoding=\"async\" width=\"1024\" height=\"771\" src=\"https:\/\/momap.ing.unp.edu.ar\/wp-content\/uploads\/2026\/03\/IvanUMA2025.wm-1024x771.jpg\" class=\"attachment-large size-large wp-post-image\" alt=\"\" srcset=\"https:\/\/momap.ing.unp.edu.ar\/wp-content\/uploads\/2026\/03\/IvanUMA2025.wm-1024x771.jpg 1024w, https:\/\/momap.ing.unp.edu.ar\/wp-content\/uploads\/2026\/03\/IvanUMA2025.wm-300x226.jpg 300w, https:\/\/momap.ing.unp.edu.ar\/wp-content\/uploads\/2026\/03\/IvanUMA2025.wm-768x578.jpg 768w, https:\/\/momap.ing.unp.edu.ar\/wp-content\/uploads\/2026\/03\/IvanUMA2025.wm-e1772543868314.jpg 500w\" sizes=\"auto, (max-width: 1024px) 100vw, 1024px\" \/><\/a>    <\/div>\n    <div class=\"element element_1  title_link \">\n                    <a target=\"\"\n                href=\"https:\/\/momap.ing.unp.edu.ar\/index.php\/2026\/03\/03\/encuentro-rsme-uma-2025\/\">Encuentro RSME-UMA 2025<\/a>\n            <\/div>\n    <div class=\"element element_2  excerpt \">\n        Investigadores del MoMAp participaron del tercer Encuentro Conjunto de la Real Sociedad Matem\u00e1tica Espa\u00f1ola (RSME) y la Uni\u00f3n Matem\u00e1tica Argentina            <\/div>\n            <a class=\"element element_3  read_more \"\n            target=\"\"\n            href=\"https:\/\/momap.ing.unp.edu.ar\/index.php\/2026\/03\/03\/encuentro-rsme-uma-2025\/\"><\/a>\n      <\/div>\n    <\/div>\n  <\/div><div class=\"item item-800 skin flat odd 1 \">\n        <div class=\"layer-wrapper layout-\">\n        <div class=\"layer-media\"><\/div>\n  <div class=\"layer-content\">\n        <div\n        class=\"element element_0  element-media \">\n        <a target=\"_self\" href=\"https:\/\/momap.ing.unp.edu.ar\/index.php\/2026\/01\/29\/dispersion-de-aditivos-en-alimentos\/\"><img loading=\"lazy\" decoding=\"async\" width=\"503\" height=\"712\" src=\"https:\/\/momap.ing.unp.edu.ar\/wp-content\/uploads\/2026\/01\/InfoGRediunp2025.png\" class=\"attachment-large size-large wp-post-image\" alt=\"\" srcset=\"https:\/\/momap.ing.unp.edu.ar\/wp-content\/uploads\/2026\/01\/InfoGRediunp2025.png 503w, https:\/\/momap.ing.unp.edu.ar\/wp-content\/uploads\/2026\/01\/InfoGRediunp2025-212x300.png 212w\" sizes=\"auto, (max-width: 503px) 100vw, 503px\" \/><\/a>    <\/div>\n    <div class=\"element element_1  title_link \">\n                    <a target=\"\"\n                href=\"https:\/\/momap.ing.unp.edu.ar\/index.php\/2026\/01\/29\/dispersion-de-aditivos-en-alimentos\/\">Dispersi\u00f3n de aditivos en alimentos<\/a>\n            <\/div>\n    <div class=\"element element_2  excerpt \">\n        La sustituci\u00f3n de aditivos sint\u00e9ticos para preservar los productos es un problema de relevancia en la industria pesquera local. Para            <\/div>\n            <a class=\"element element_3  read_more \"\n            target=\"\"\n            href=\"https:\/\/momap.ing.unp.edu.ar\/index.php\/2026\/01\/29\/dispersion-de-aditivos-en-alimentos\/\"><\/a>\n      <\/div>\n    <\/div>\n  <\/div><div class=\"item item-789 skin flat even 2 \">\n        <div class=\"layer-wrapper layout-\">\n        <div class=\"layer-media\"><\/div>\n  <div class=\"layer-content\">\n        <div\n        class=\"element element_0  element-media \">\n        <a target=\"_self\" href=\"https:\/\/momap.ing.unp.edu.ar\/index.php\/2025\/09\/01\/redes-neuronales-para-la-medicion-de-peces-marinos\/\"><img loading=\"lazy\" decoding=\"async\" width=\"1024\" height=\"425\" src=\"https:\/\/momap.ing.unp.edu.ar\/wp-content\/uploads\/2025\/09\/imag_redes_1-1024x425.png\" class=\"attachment-large size-large wp-post-image\" alt=\"\" srcset=\"https:\/\/momap.ing.unp.edu.ar\/wp-content\/uploads\/2025\/09\/imag_redes_1-1024x425.png 1024w, https:\/\/momap.ing.unp.edu.ar\/wp-content\/uploads\/2025\/09\/imag_redes_1-300x124.png 300w, https:\/\/momap.ing.unp.edu.ar\/wp-content\/uploads\/2025\/09\/imag_redes_1-768x319.png 768w, https:\/\/momap.ing.unp.edu.ar\/wp-content\/uploads\/2025\/09\/imag_redes_1.png 1164w\" sizes=\"auto, (max-width: 1024px) 100vw, 1024px\" \/><\/a>    <\/div>\n    <div class=\"element element_1  title_link \">\n                    <a target=\"\"\n                href=\"https:\/\/momap.ing.unp.edu.ar\/index.php\/2025\/09\/01\/redes-neuronales-para-la-medicion-de-peces-marinos\/\">Redes neuronales para la medici\u00f3n de peces marinos<\/a>\n            <\/div>\n    <div class=\"element element_2  excerpt \">\n        En colaboraci\u00f3n con investigadores del CESIMAR se public\u00f3 el trabajo: \u201cIs Eye Allometry the Silver Bullet for Measuring Marine Fishes            <\/div>\n            <a class=\"element element_3  read_more \"\n            target=\"\"\n            href=\"https:\/\/momap.ing.unp.edu.ar\/index.php\/2025\/09\/01\/redes-neuronales-para-la-medicion-de-peces-marinos\/\"><\/a>\n      <\/div>\n    <\/div>\n  <\/div><div class=\"item item-785 skin flat odd 3 \">\n        <div class=\"layer-wrapper layout-\">\n        <div class=\"layer-media\"><\/div>\n  <div class=\"layer-content\">\n        <div\n        class=\"element element_0  element-media \">\n        <a target=\"_self\" href=\"https:\/\/momap.ing.unp.edu.ar\/index.php\/2025\/08\/11\/el-impacto-de-la-epidemia-de-gripe-aviar-sobre-la-poblacion-de-elefantes-marinos-de-peninsula-valdes\/\"><img loading=\"lazy\" decoding=\"async\" width=\"1024\" height=\"683\" src=\"https:\/\/momap.ing.unp.edu.ar\/wp-content\/uploads\/2025\/08\/Elef-1024x683.jpg\" class=\"attachment-large size-large wp-post-image\" alt=\"\" srcset=\"https:\/\/momap.ing.unp.edu.ar\/wp-content\/uploads\/2025\/08\/Elef-1024x683.jpg 1024w, https:\/\/momap.ing.unp.edu.ar\/wp-content\/uploads\/2025\/08\/Elef-300x200.jpg 300w, https:\/\/momap.ing.unp.edu.ar\/wp-content\/uploads\/2025\/08\/Elef-768x512.jpg 768w, https:\/\/momap.ing.unp.edu.ar\/wp-content\/uploads\/2025\/08\/Elef-1536x1024.jpg 1536w, https:\/\/momap.ing.unp.edu.ar\/wp-content\/uploads\/2025\/08\/Elef-e1754918377589.avif 500w\" sizes=\"auto, (max-width: 1024px) 100vw, 1024px\" \/><\/a>    <\/div>\n    <div class=\"element element_1  title_link \">\n                    <a target=\"\"\n                href=\"https:\/\/momap.ing.unp.edu.ar\/index.php\/2025\/08\/11\/el-impacto-de-la-epidemia-de-gripe-aviar-sobre-la-poblacion-de-elefantes-marinos-de-peninsula-valdes\/\">El impacto de la epidemia de gripe aviar sobre la poblaci\u00f3n de elefantes marinos de Pen\u00ednsula Vald\u00e9s<\/a>\n            <\/div>\n    <div class=\"element element_2  excerpt \">\n        De acuerdo con algunas proyecciones, se podr\u00edan necesitar 100 a\u00f1os antes de que la poblaci\u00f3n de elefantes marinos del Sur            <\/div>\n            <a class=\"element element_3  read_more \"\n            target=\"\"\n            href=\"https:\/\/momap.ing.unp.edu.ar\/index.php\/2025\/08\/11\/el-impacto-de-la-epidemia-de-gripe-aviar-sobre-la-poblacion-de-elefantes-marinos-de-peninsula-valdes\/\"><\/a>\n      <\/div>\n    <\/div>\n  <\/div><div class=\"item item-779 skin flat even 4 \">\n        <div class=\"layer-wrapper layout-\">\n        <div class=\"layer-media\"><\/div>\n  <div class=\"layer-content\">\n        <div\n        class=\"element element_0  element-media \">\n        <a target=\"_self\" href=\"https:\/\/momap.ing.unp.edu.ar\/index.php\/2025\/05\/15\/columnas-de-adsorcion\/\"><img loading=\"lazy\" decoding=\"async\" width=\"500\" height=\"500\" src=\"https:\/\/momap.ing.unp.edu.ar\/wp-content\/uploads\/2025\/05\/ArtMathModBreak2024-e1747324665202.png\" class=\"attachment-large size-large wp-post-image\" alt=\"\" \/><\/a>    <\/div>\n    <div class=\"element element_1  title_link \">\n                    <a target=\"\"\n                href=\"https:\/\/momap.ing.unp.edu.ar\/index.php\/2025\/05\/15\/columnas-de-adsorcion\/\">Columnas de adsorci\u00f3n<\/a>\n            <\/div>\n    <div class=\"element element_2  excerpt \">\n        La contaminaci\u00f3n del agua es un problema mundial cr\u00edtico. Las columnas de adsorci\u00f3n son uno de los metodos m\u00e1s utilizados            <\/div>\n            <a class=\"element element_3  read_more \"\n            target=\"\"\n            href=\"https:\/\/momap.ing.unp.edu.ar\/index.php\/2025\/05\/15\/columnas-de-adsorcion\/\"><\/a>\n      <\/div>\n    <\/div>\n  <\/div><div class=\"item item-735 skin flat odd 5 \">\n        <div class=\"layer-wrapper layout-\">\n        <div class=\"layer-media\"><\/div>\n  <div class=\"layer-content\">\n        <div\n        class=\"element element_0  element-media \">\n        <a target=\"_self\" href=\"https:\/\/momap.ing.unp.edu.ar\/index.php\/2025\/03\/10\/en-defensa-de-la-ciencia-y-la-universidad-publica\/\"><img loading=\"lazy\" decoding=\"async\" width=\"768\" height=\"1024\" src=\"https:\/\/momap.ing.unp.edu.ar\/wp-content\/uploads\/2025\/03\/ElijoCrecer.wm-768x1024.jpg\" class=\"attachment-large size-large wp-post-image\" alt=\"\" srcset=\"https:\/\/momap.ing.unp.edu.ar\/wp-content\/uploads\/2025\/03\/ElijoCrecer.wm-768x1024.jpg 768w, https:\/\/momap.ing.unp.edu.ar\/wp-content\/uploads\/2025\/03\/ElijoCrecer.wm-225x300.jpg 225w, https:\/\/momap.ing.unp.edu.ar\/wp-content\/uploads\/2025\/03\/ElijoCrecer.wm-1152x1536.jpg 1152w, https:\/\/momap.ing.unp.edu.ar\/wp-content\/uploads\/2025\/03\/ElijoCrecer.wm-e1747062616423.jpg 500w\" sizes=\"auto, (max-width: 768px) 100vw, 768px\" \/><\/a>    <\/div>\n    <div class=\"element element_1  title_link \">\n                    <a target=\"\"\n                href=\"https:\/\/momap.ing.unp.edu.ar\/index.php\/2025\/03\/10\/en-defensa-de-la-ciencia-y-la-universidad-publica\/\">En defensa de la Ciencia y la Universidad p\u00fablica<\/a>\n            <\/div>\n    <div class=\"element element_2  excerpt \">\n        El MoMAp particip\u00f3 de los festivales \"Elijo crecer\" y \"Marejada\" que se realizaron en Puerto Madryn durante 2024.\u201cElijo Crecer\u201d fue            <\/div>\n            <a class=\"element element_3  read_more \"\n            target=\"\"\n            href=\"https:\/\/momap.ing.unp.edu.ar\/index.php\/2025\/03\/10\/en-defensa-de-la-ciencia-y-la-universidad-publica\/\"><\/a>\n      <\/div>\n    <\/div>\n  <\/div><div class=\"item item-707 skin flat even 6 \">\n        <div class=\"layer-wrapper layout-\">\n        <div class=\"layer-media\"><\/div>\n  <div class=\"layer-content\">\n        <div\n        class=\"element element_0  element-media \">\n        <a target=\"_self\" href=\"https:\/\/momap.ing.unp.edu.ar\/index.php\/2025\/03\/05\/las-corrientes-de-marea-en-el-golfo-san-jorge\/\"><img loading=\"lazy\" decoding=\"async\" width=\"1000\" height=\"405\" src=\"https:\/\/momap.ing.unp.edu.ar\/wp-content\/uploads\/2025\/03\/ArtEvFinEl2024wm-e1747063128995.png\" class=\"attachment-large size-large wp-post-image\" alt=\"\" \/><\/a>    <\/div>\n    <div class=\"element element_1  title_link \">\n                    <a target=\"\"\n                href=\"https:\/\/momap.ing.unp.edu.ar\/index.php\/2025\/03\/05\/las-corrientes-de-marea-en-el-golfo-san-jorge\/\">Las corrientes de marea en el Golfo San Jorge<\/a>\n            <\/div>\n    <div class=\"element element_2  excerpt \">\n        Se desarroll\u00f3 un modelo para simular las corrientes de marea en la zona Norte del Golfo San Jorge. El modelo            <\/div>\n            <a class=\"element element_3  read_more \"\n            target=\"\"\n            href=\"https:\/\/momap.ing.unp.edu.ar\/index.php\/2025\/03\/05\/las-corrientes-de-marea-en-el-golfo-san-jorge\/\"><\/a>\n      <\/div>\n    <\/div>\n  <\/div>    <\/div>\n        <script>\n          <\/script>\n    <style type=\"text\/css\">\n    #post-grid-106 .element_0 {\n      display: block;font-size: 21px;line-height: normal;padding: 5px 10px;text-align: left; text-decoration: none;    }\n\n    #post-grid-106 .element_1 {\n      display: block;font-size: 21px;line-height: normal;padding: 5px 10px;text-align: left; text-decoration: none;    }\n\n    #post-grid-106 .element_2 {\n      display: block;font-size: 14px;padding: 5px 10px;text-align: left;    }\n\n    #post-grid-106 .element_3 {\n      display: block;font-size: 12px;font-weight: bold;padding: 0 10px;text-align: left;text-decoration: none;    }\n\n    #post-grid-106 .element_0:hover{}#post-grid-106 .element_1:hover{}#post-grid-106 .element_2:hover{}#post-grid-106 .element_3:hover{}  <\/style>\n  <style type=\"text\/css\">\n    #post-grid-106 {\n      padding: 10px;\n          }\n\n    #post-grid-106 .item {\n      padding: 0px;\n      background: #fff;\n          }\n\n    #post-grid-106 .item .layer-media {\n      height:auto;    }\n\n    @media only screen and (min-width: 0px) and (max-width: 767px) {\n      #post-grid-106 .grid-items {\n        text-align: center;\n              }\n\n      #post-grid-106 .item {\n        width: 90%;\n        margin: 10px;\n        display: inline-block;\n        vertical-align: top;\n        height:auto;      }\n    }\n\n    @media only screen and (min-width: 768px) and (max-width: 1023px) {\n      #post-grid-106 .grid-items {\n        text-align: center;\n              }\n\n      #post-grid-106 .item {\n        width: 280px;\n        margin: 10px;\n        display: inline-block;\n        vertical-align: top;\n        max-height:auto;      }\n    }\n\n    @media only screen and (min-width: 1024px) {\n      #post-grid-106 .grid-items {\n        text-align: center;\n              }\n\n      #post-grid-106 .item {\n        width: 280px;\n        display: inline-block;\n        margin: 10px;\n        vertical-align: top;\n        height:auto;      }\n    }\n\n      <\/style>\n  <\/div>\n\n","protected":false},"excerpt":{"rendered":"<p><br \/>Se desarroll\u00f3 un modelo para simular las corrientes de marea &hellip; <a href=\"https:\/\/momap.ing.unp.edu.ar\/index.php\/2025\/03\/05\/las-corrientes-de-marea-en-el-golfo-san-jorge\/\" class=\"read-more\" target=\"_blank\">Read the rest <\/a><\/p>","protected":false},"author":1,"featured_media":0,"parent":0,"menu_order":0,"comment_status":"closed","ping_status":"open","template":"","meta":{"_acf_changed":false,"footnotes":""},"class_list":["post-2","page","type-page","status-publish","hentry"],"acf":[],"_links":{"self":[{"href":"https:\/\/momap.ing.unp.edu.ar\/index.php\/wp-json\/wp\/v2\/pages\/2","targetHints":{"allow":["GET"]}}],"collection":[{"href":"https:\/\/momap.ing.unp.edu.ar\/index.php\/wp-json\/wp\/v2\/pages"}],"about":[{"href":"https:\/\/momap.ing.unp.edu.ar\/index.php\/wp-json\/wp\/v2\/types\/page"}],"author":[{"embeddable":true,"href":"https:\/\/momap.ing.unp.edu.ar\/index.php\/wp-json\/wp\/v2\/users\/1"}],"replies":[{"embeddable":true,"href":"https:\/\/momap.ing.unp.edu.ar\/index.php\/wp-json\/wp\/v2\/comments?post=2"}],"version-history":[{"count":5,"href":"https:\/\/momap.ing.unp.edu.ar\/index.php\/wp-json\/wp\/v2\/pages\/2\/revisions"}],"predecessor-version":[{"id":107,"href":"https:\/\/momap.ing.unp.edu.ar\/index.php\/wp-json\/wp\/v2\/pages\/2\/revisions\/107"}],"wp:attachment":[{"href":"https:\/\/momap.ing.unp.edu.ar\/index.php\/wp-json\/wp\/v2\/media?parent=2"}],"curies":[{"name":"wp","href":"https:\/\/api.w.org\/{rel}","templated":true}]}}