{"id":20,"date":"2020-05-29T12:34:19","date_gmt":"2020-05-29T15:34:19","guid":{"rendered":"http:\/\/linvi.unp.edu.ar\/?page_id=20"},"modified":"2025-05-05T12:21:04","modified_gmt":"2025-05-05T15:21:04","slug":"vinculacion-y-divulgacion","status":"publish","type":"page","link":"https:\/\/momap.ing.unp.edu.ar\/index.php\/vinculacion-y-divulgacion\/","title":{"rendered":"Vinculaci\u00f3n y divulgaci\u00f3n"},"content":{"rendered":"\n<p>La vinculaci\u00f3n e interacci\u00f3n con el medio es tambi\u00e9n una de las actividades principales del grupo. Promoviendo la visualizaci\u00f3n de la matem\u00e1tica y sus aplicaciones a trav\u00e9s de la propuesta de cursos y talleres, ciclos de charlas y participaci\u00f3n en ferias interactivas.<\/p>\n\n\n\n<p><\/p>\n\n\n      <div id=\"post-grid-lazy-700\" class=\"post-grid-lazy\"><img decoding=\"async\" alt=\"\" src=\"\" \/><\/div>\n    <script>\n      jQuery('#post-grid-lazy-700').ready(function($) {\n        $('#post-grid-lazy-700').fadeOut();\n        $('#post-grid-700   ').fadeIn();\n      })\n    <\/script>\n    <style type=\"text\/css\">\n      #post-grid-700 {\n        display: none;\n      }\n\n      .post-grid-lazy {\n        text-align: center;\n      }\n    <\/style>\n    <div data-options='{&quot;id&quot;:&quot;700&quot;,&quot;lazy_load&quot;:&quot;yes&quot;,&quot;masonry_enable&quot;:&quot;no&quot;,&quot;view_type&quot;:&quot;grid&quot;}' id=\"post-grid-700\" class=\"post-grid grid\">\n        <div class=\"grid-items\">\n      <div class=\"item item-735 skin flat even 0 \">\n        <div class=\"layer-wrapper layout-\">\n        <div class=\"layer-media\"><\/div>\n  <div class=\"layer-content\">\n        <div\n        class=\"element element_0  element-media \">\n        <a target=\"_self\" href=\"https:\/\/momap.ing.unp.edu.ar\/index.php\/2025\/03\/10\/en-defensa-de-la-ciencia-y-la-universidad-publica\/\"><img loading=\"lazy\" decoding=\"async\" width=\"768\" height=\"1024\" src=\"https:\/\/momap.ing.unp.edu.ar\/wp-content\/uploads\/2025\/03\/ElijoCrecer.wm-768x1024.jpg\" class=\"attachment-large size-large wp-post-image\" alt=\"\" srcset=\"https:\/\/momap.ing.unp.edu.ar\/wp-content\/uploads\/2025\/03\/ElijoCrecer.wm-768x1024.jpg 768w, https:\/\/momap.ing.unp.edu.ar\/wp-content\/uploads\/2025\/03\/ElijoCrecer.wm-225x300.jpg 225w, https:\/\/momap.ing.unp.edu.ar\/wp-content\/uploads\/2025\/03\/ElijoCrecer.wm-1152x1536.jpg 1152w, https:\/\/momap.ing.unp.edu.ar\/wp-content\/uploads\/2025\/03\/ElijoCrecer.wm-e1747062616423.jpg 500w\" sizes=\"auto, (max-width: 768px) 100vw, 768px\" \/><\/a>    <\/div>\n    <div class=\"element element_1  title_link \">\n                    <a target=\"\"\n                href=\"https:\/\/momap.ing.unp.edu.ar\/index.php\/2025\/03\/10\/en-defensa-de-la-ciencia-y-la-universidad-publica\/\">En defensa de la Ciencia y la Universidad p\u00fablica<\/a>\n            <\/div>\n    <div class=\"element element_2  excerpt \">\n        El MoMAp particip\u00f3 de los festivales \"Elijo crecer\" y \"Marejada\" que se realizaron en Puerto Madryn durante 2024.\u201cElijo Crecer\u201d fue            <\/div>\n            <a class=\"element element_3  read_more \"\n            target=\"\"\n            href=\"https:\/\/momap.ing.unp.edu.ar\/index.php\/2025\/03\/10\/en-defensa-de-la-ciencia-y-la-universidad-publica\/\"><\/a>\n      <\/div>\n    <\/div>\n  <\/div><div class=\"item item-637 skin flat odd 1 \">\n        <div class=\"layer-wrapper layout-\">\n        <div class=\"layer-media\"><\/div>\n  <div class=\"layer-content\">\n        <div\n        class=\"element element_0  element-media \">\n        <a target=\"_self\" href=\"https:\/\/momap.ing.unp.edu.ar\/index.php\/2025\/03\/05\/matematica-en-el-virch\/\"><img loading=\"lazy\" decoding=\"async\" width=\"600\" height=\"402\" src=\"https:\/\/momap.ing.unp.edu.ar\/wp-content\/uploads\/2025\/03\/MateVirch-e1747062951554.png\" class=\"attachment-large size-large wp-post-image\" alt=\"\" \/><\/a>    <\/div>\n    <div class=\"element element_1  title_link \">\n                    <a target=\"\"\n                href=\"https:\/\/momap.ing.unp.edu.ar\/index.php\/2025\/03\/05\/matematica-en-el-virch\/\">Matem\u00e1tica en el Virch<\/a>\n            <\/div>\n    <div class=\"element element_2  excerpt \">\n        Durante 2024 se desarroll\u00f3 el ciclo de seminarios \"Matem\u00e1tica en el Valle inferior del R\u00edo Chubut\", organizado por el MoMAp            <\/div>\n            <a class=\"element element_3  read_more \"\n            target=\"\"\n            href=\"https:\/\/momap.ing.unp.edu.ar\/index.php\/2025\/03\/05\/matematica-en-el-virch\/\"><\/a>\n      <\/div>\n    <\/div>\n  <\/div>    <\/div>\n    <div class=\"pagination\">\n      <div class=\"paginate\">\n      <\/div>\n  <style type=\"text\/css\">\n    #post-grid-700 .pagination .page-numbers {\n      font-size: 16px;\n      color: #fff;\n      background: #646464;\n    }\n\n    #post-grid-700 .pagination .page-numbers:hover,\n    #post-grid-700 .pagination .page-numbers.current {\n      background: #4b4b4b;\n    }\n  <\/style>\n  <\/div>\n      <script>\n          <\/script>\n    <style type=\"text\/css\">\n    #post-grid-700 .element_0 {\n      display: block;font-size: 21px;line-height: normal;padding: 5px 10px;text-align: left; text-decoration: none;    }\n\n    #post-grid-700 .element_1 {\n      display: block;font-size: 21px;line-height: normal;padding: 5px 10px;text-align: left; text-decoration: none;    }\n\n    #post-grid-700 .element_2 {\n      display: block;font-size: 14px;padding: 5px 10px;text-align: left;    }\n\n    #post-grid-700 .element_3 {\n      display: block;font-size: 12px;font-weight: bold;padding: 0 10px;text-align: left;text-decoration: none;    }\n\n    #post-grid-700 .element_0:hover{}#post-grid-700 .element_1:hover{}#post-grid-700 .element_2:hover{}#post-grid-700 .element_3:hover{}  <\/style>\n  <style type=\"text\/css\">\n    #post-grid-700 {\n      padding: 10px;\n          }\n\n    #post-grid-700 .item {\n      padding: 0px;\n      background: #fff;\n          }\n\n    #post-grid-700 .item .layer-media {\n      height:auto;    }\n\n    @media only screen and (min-width: 0px) and (max-width: 767px) {\n      #post-grid-700 .grid-items {\n        display: grid;\n        grid-template-columns: 1fr ;\n        column-gap: 10px;\n        row-gap: 10px;\n              }\n\n      #post-grid-700 .item {\n        height:auto;      }\n    }\n\n    @media only screen and (min-width: 768px) and (max-width: 1023px) {\n      #post-grid-700 .grid-items {\n        display: grid;\n        grid-template-columns: 1fr 1fr ;\n        column-gap: 10px;\n        row-gap: 10px;\n              }\n\n      #post-grid-700 .item {\n        max-height:auto;      }\n    }\n\n    @media only screen and (min-width: 1024px) {\n      #post-grid-700 .grid-items {\n        display: grid;\n        grid-template-columns: 1fr 1fr 1fr ;\n        column-gap: 10px;\n        row-gap: 10px;\n              }\n\n      #post-grid-700 .item {\n        height:auto;      }\n    }\n\n      <\/style>\n  <\/div>\n\n","protected":false},"excerpt":{"rendered":"<p><br \/>Durante 2024 se desarroll\u00f3 el ciclo de seminarios \u00abMatem\u00e1tica en &hellip; <a href=\"https:\/\/momap.ing.unp.edu.ar\/index.php\/2025\/03\/05\/matematica-en-el-virch\/\" class=\"read-more\" target=\"_blank\">Read the rest <\/a><\/p>","protected":false},"author":1,"featured_media":0,"parent":0,"menu_order":0,"comment_status":"closed","ping_status":"closed","template":"","meta":{"_acf_changed":false,"footnotes":""},"class_list":["post-20","page","type-page","status-publish","hentry"],"acf":[],"_links":{"self":[{"href":"https:\/\/momap.ing.unp.edu.ar\/index.php\/wp-json\/wp\/v2\/pages\/20","targetHints":{"allow":["GET"]}}],"collection":[{"href":"https:\/\/momap.ing.unp.edu.ar\/index.php\/wp-json\/wp\/v2\/pages"}],"about":[{"href":"https:\/\/momap.ing.unp.edu.ar\/index.php\/wp-json\/wp\/v2\/types\/page"}],"author":[{"embeddable":true,"href":"https:\/\/momap.ing.unp.edu.ar\/index.php\/wp-json\/wp\/v2\/users\/1"}],"replies":[{"embeddable":true,"href":"https:\/\/momap.ing.unp.edu.ar\/index.php\/wp-json\/wp\/v2\/comments?post=20"}],"version-history":[{"count":10,"href":"https:\/\/momap.ing.unp.edu.ar\/index.php\/wp-json\/wp\/v2\/pages\/20\/revisions"}],"predecessor-version":[{"id":771,"href":"https:\/\/momap.ing.unp.edu.ar\/index.php\/wp-json\/wp\/v2\/pages\/20\/revisions\/771"}],"wp:attachment":[{"href":"https:\/\/momap.ing.unp.edu.ar\/index.php\/wp-json\/wp\/v2\/media?parent=20"}],"curies":[{"name":"wp","href":"https:\/\/api.w.org\/{rel}","templated":true}]}}