{"id":327,"date":"2021-08-25T19:36:15","date_gmt":"2021-08-25T22:36:15","guid":{"rendered":"https:\/\/192.168.16.40:50401\/?page_id=327"},"modified":"2025-03-06T12:13:39","modified_gmt":"2025-03-06T15:13:39","slug":"cursos-y-capacitaciones","status":"publish","type":"page","link":"https:\/\/momap.ing.unp.edu.ar\/index.php\/cursos-y-capacitaciones\/","title":{"rendered":"Cursos y capacitaciones"},"content":{"rendered":"      <div id=\"post-grid-lazy-330\" class=\"post-grid-lazy\"><img decoding=\"async\" alt=\"\" src=\"\" \/><\/div>\n    <script>\n      jQuery('#post-grid-lazy-330').ready(function($) {\n        $('#post-grid-lazy-330').fadeOut();\n        $('#post-grid-330   ').fadeIn();\n      })\n    <\/script>\n    <style type=\"text\/css\">\n      #post-grid-330 {\n        display: none;\n      }\n\n      .post-grid-lazy {\n        text-align: center;\n      }\n    <\/style>\n    <div data-options='{&quot;id&quot;:&quot;330&quot;,&quot;lazy_load&quot;:&quot;yes&quot;,&quot;masonry_enable&quot;:&quot;no&quot;,&quot;view_type&quot;:&quot;grid&quot;}' id=\"post-grid-330\" class=\"post-grid grid\">\n        <div class=\"grid-items\">\n      <div class=\"item item-738 skin flat even 0 \">\n        <div class=\"layer-wrapper layout-\">\n        <div class=\"layer-media\"><\/div>\n  <div class=\"layer-content\">\n        <div\n        class=\"element element_0  element-media \">\n        <a target=\"_self\" href=\"https:\/\/momap.ing.unp.edu.ar\/index.php\/2025\/03\/10\/curso-de-posgrado-herramientas-de-modelado-matematico\/\"><img loading=\"lazy\" decoding=\"async\" width=\"600\" height=\"369\" src=\"https:\/\/momap.ing.unp.edu.ar\/wp-content\/uploads\/2025\/03\/FigCursoModMat.wm-e1747062888908.png\" class=\"attachment-large size-large wp-post-image\" alt=\"\" \/><\/a>    <\/div>\n    <div class=\"element element_1  title_link \">\n                    <a target=\"\"\n                href=\"https:\/\/momap.ing.unp.edu.ar\/index.php\/2025\/03\/10\/curso-de-posgrado-herramientas-de-modelado-matematico\/\">Curso de posgrado: Herramientas de modelado matem\u00e1tico<\/a>\n            <\/div>\n    <div class=\"element element_2  excerpt \">\n        El uso de modelos matem\u00e1ticos se ha afianzado como uno de los componentes fundamentales de la investigaci\u00f3n cient\u00edfica y el            <\/div>\n            <a class=\"element element_3  read_more \"\n            target=\"\"\n            href=\"https:\/\/momap.ing.unp.edu.ar\/index.php\/2025\/03\/10\/curso-de-posgrado-herramientas-de-modelado-matematico\/\"><\/a>\n      <\/div>\n    <\/div>\n  <\/div><div class=\"item item-730 skin flat odd 1 \">\n        <div class=\"layer-wrapper layout-\">\n        <div class=\"layer-media\"><\/div>\n  <div class=\"layer-content\">\n        <div\n        class=\"element element_0  element-media \">\n        <a target=\"_self\" href=\"https:\/\/momap.ing.unp.edu.ar\/index.php\/2025\/03\/06\/curso-de-posgrado-introduccion-a-los-sistemas-dinamicos\/\"><img loading=\"lazy\" decoding=\"async\" width=\"599\" height=\"327\" src=\"https:\/\/momap.ing.unp.edu.ar\/wp-content\/uploads\/2025\/03\/FigCursoSisDin.wm.png\" class=\"attachment-large size-large wp-post-image\" alt=\"\" srcset=\"https:\/\/momap.ing.unp.edu.ar\/wp-content\/uploads\/2025\/03\/FigCursoSisDin.wm.png 599w, https:\/\/momap.ing.unp.edu.ar\/wp-content\/uploads\/2025\/03\/FigCursoSisDin.wm-300x164.png 300w\" sizes=\"auto, (max-width: 599px) 100vw, 599px\" \/><\/a>    <\/div>\n    <div class=\"element element_1  title_link \">\n                    <a target=\"\"\n                href=\"https:\/\/momap.ing.unp.edu.ar\/index.php\/2025\/03\/06\/curso-de-posgrado-introduccion-a-los-sistemas-dinamicos\/\">Curso de posgrado: Introducci\u00f3n a los sistemas din\u00e1micos<\/a>\n            <\/div>\n    <div class=\"element element_2  excerpt \">\n        El curso forma parte del Doctorado en Ciencias de la Ingenier\u00eda (FI, UNPSJB) y est\u00e1 dirigido a graduados universitarios con            <\/div>\n            <a class=\"element element_3  read_more \"\n            target=\"\"\n            href=\"https:\/\/momap.ing.unp.edu.ar\/index.php\/2025\/03\/06\/curso-de-posgrado-introduccion-a-los-sistemas-dinamicos\/\"><\/a>\n      <\/div>\n    <\/div>\n  <\/div>    <\/div>\n    <div class=\"pagination\">\n      <div class=\"paginate\">\n      <\/div>\n  <style type=\"text\/css\">\n    #post-grid-330 .pagination .page-numbers {\n      font-size: 16px;\n      color: #fff;\n      background: #646464;\n    }\n\n    #post-grid-330 .pagination .page-numbers:hover,\n    #post-grid-330 .pagination .page-numbers.current {\n      background: #4b4b4b;\n    }\n  <\/style>\n  <\/div>\n      <script>\n          <\/script>\n    <style type=\"text\/css\">\n    #post-grid-330 .element_0 {\n      display: block;font-size: 21px;line-height: normal;padding: 5px 10px;text-align: left; text-decoration: none;    }\n\n    #post-grid-330 .element_1 {\n      display: block;font-size: 21px;line-height: normal;padding: 5px 10px;text-align: left; text-decoration: none;    }\n\n    #post-grid-330 .element_2 {\n      display: block;font-size: 14px;padding: 5px 10px;text-align: left;    }\n\n    #post-grid-330 .element_3 {\n      display: block;font-size: 12px;font-weight: bold;padding: 0 10px;text-align: left;text-decoration: none;    }\n\n    #post-grid-330 .element_0:hover{}#post-grid-330 .element_1:hover{}#post-grid-330 .element_2:hover{}#post-grid-330 .element_3:hover{}  <\/style>\n  <style type=\"text\/css\">\n    #post-grid-330 {\n      padding: 10px;\n          }\n\n    #post-grid-330 .item {\n      padding: 0px;\n      background: #fff;\n          }\n\n    #post-grid-330 .item .layer-media {\n      height:auto;    }\n\n    @media only screen and (min-width: 0px) and (max-width: 767px) {\n      #post-grid-330 .grid-items {\n        display: grid;\n        grid-template-columns: 1fr ;\n        column-gap: 10px;\n        row-gap: 10px;\n              }\n\n      #post-grid-330 .item {\n        height:auto;      }\n    }\n\n    @media only screen and (min-width: 768px) and (max-width: 1023px) {\n      #post-grid-330 .grid-items {\n        display: grid;\n        grid-template-columns: 1fr 1fr ;\n        column-gap: 10px;\n        row-gap: 10px;\n              }\n\n      #post-grid-330 .item {\n        max-height:auto;      }\n    }\n\n    @media only screen and (min-width: 1024px) {\n      #post-grid-330 .grid-items {\n        display: grid;\n        grid-template-columns: 1fr 1fr 1fr ;\n        column-gap: 10px;\n        row-gap: 10px;\n              }\n\n      #post-grid-330 .item {\n        height:auto;      }\n    }\n\n      <\/style>\n  <\/div>\n\n\n\n\n<p><\/p>\n","protected":false},"excerpt":{"rendered":"<p>El curso forma parte del Doctorado en Ciencias de la &hellip; <a href=\"https:\/\/momap.ing.unp.edu.ar\/index.php\/2025\/03\/06\/curso-de-posgrado-introduccion-a-los-sistemas-dinamicos\/\" class=\"read-more\" target=\"_blank\">Read the rest <\/a><\/p>","protected":false},"author":1,"featured_media":0,"parent":0,"menu_order":0,"comment_status":"closed","ping_status":"closed","template":"","meta":{"_acf_changed":false,"footnotes":""},"class_list":["post-327","page","type-page","status-publish","hentry"],"acf":[],"_links":{"self":[{"href":"https:\/\/momap.ing.unp.edu.ar\/index.php\/wp-json\/wp\/v2\/pages\/327","targetHints":{"allow":["GET"]}}],"collection":[{"href":"https:\/\/momap.ing.unp.edu.ar\/index.php\/wp-json\/wp\/v2\/pages"}],"about":[{"href":"https:\/\/momap.ing.unp.edu.ar\/index.php\/wp-json\/wp\/v2\/types\/page"}],"author":[{"embeddable":true,"href":"https:\/\/momap.ing.unp.edu.ar\/index.php\/wp-json\/wp\/v2\/users\/1"}],"replies":[{"embeddable":true,"href":"https:\/\/momap.ing.unp.edu.ar\/index.php\/wp-json\/wp\/v2\/comments?post=327"}],"version-history":[{"count":4,"href":"https:\/\/momap.ing.unp.edu.ar\/index.php\/wp-json\/wp\/v2\/pages\/327\/revisions"}],"predecessor-version":[{"id":733,"href":"https:\/\/momap.ing.unp.edu.ar\/index.php\/wp-json\/wp\/v2\/pages\/327\/revisions\/733"}],"wp:attachment":[{"href":"https:\/\/momap.ing.unp.edu.ar\/index.php\/wp-json\/wp\/v2\/media?parent=327"}],"curies":[{"name":"wp","href":"https:\/\/api.w.org\/{rel}","templated":true}]}}