{"id":44,"date":"2020-05-30T12:13:48","date_gmt":"2020-05-30T15:13:48","guid":{"rendered":"https:\/\/192.168.16.40:50401\/?page_id=44"},"modified":"2025-03-10T13:11:26","modified_gmt":"2025-03-10T16:11:26","slug":"publicaciones","status":"publish","type":"page","link":"https:\/\/momap.ing.unp.edu.ar\/index.php\/publicaciones\/","title":{"rendered":"Publicaciones"},"content":{"rendered":"\n<p><\/p>\n\n\n\n<div class=\"teachpress_pub_list\"><form name=\"tppublistform\" method=\"get\"><a name=\"tppubs\" id=\"tppubs\"><\/a><div class=\"teachpress_filter\"><select class=\"default\" name=\"yr\" id=\"yr\" tabindex=\"2\" onchange=\"teachpress_jumpMenu('parent',this, 'https:\/\/momap.ing.unp.edu.ar\/index.php\/publicaciones\/?')\">\r\n                   <option value=\"tgid=&amp;type=&amp;auth=&amp;usr=&amp;yr=#tppubs\">Todos los a\u00f1os<\/option>\r\n                   <option value = \"tgid=&amp;type=&amp;auth=&amp;usr=&amp;yr=2025#tppubs\" >2025<\/option><option value = \"tgid=&amp;type=&amp;auth=&amp;usr=&amp;yr=2024#tppubs\" >2024<\/option><option value = \"tgid=&amp;type=&amp;auth=&amp;usr=&amp;yr=2022#tppubs\" >2022<\/option><option value = \"tgid=&amp;type=&amp;auth=&amp;usr=&amp;yr=2021#tppubs\" >2021<\/option><option value = \"tgid=&amp;type=&amp;auth=&amp;usr=&amp;yr=2020#tppubs\" >2020<\/option><option value = \"tgid=&amp;type=&amp;auth=&amp;usr=&amp;yr=2019#tppubs\" >2019<\/option>\r\n                <\/select><\/div><\/form><div class=\"teachpress_publication_list\"><h3 class=\"tp_h3\" id=\"tp_h3_2025\">2025<\/h3><div class=\"tp_publication tp_publication_article\"><div class=\"tp_pub_info\"><p class=\"tp_pub_author\"> Campagna, Claudio;  Condit, Richard;  Ferrari, Mariano;  Campagna, Julieta;  Eder, Elena;  Uhart, Marcela;  Vanstreels, Ralph E. T.;  Falabella, Valeria;  Lewis, Mirtha N.<\/p><p class=\"tp_pub_title\"><a class=\"tp_title_link\" onclick=\"teachpress_pub_showhide('51','tp_links')\" style=\"cursor:pointer;\">Predicting Population Consequences of an Epidemic of High Pathogenicity Avian Influenza on Southern Elephant Seals<\/a> <span class=\"tp_pub_type tp_  article\">Art\u00edculo de revista<\/span> <\/p><p class=\"tp_pub_additional\"><span class=\"tp_pub_additional_in\">En: <\/span><span class=\"tp_pub_additional_journal\">Marine Mammal Science, <\/span><span class=\"tp_pub_additional_pages\">pp. e70009, <\/span><span class=\"tp_pub_additional_year\">2025<\/span>, <span class=\"tp_pub_additional_issn\">ISSN: 0824-0469, 1748-7692<\/span>.<\/p><p class=\"tp_pub_menu\"><span class=\"tp_resource_link\"><a id=\"tp_links_sh_51\" class=\"tp_show\" onclick=\"teachpress_pub_showhide('51','tp_links')\" title=\"Mostrar enlaces y recursos\" style=\"cursor:pointer;\">Enlaces<\/a><\/span> | <span class=\"tp_bibtex_link\"><a id=\"tp_bibtex_sh_51\" class=\"tp_show\" onclick=\"teachpress_pub_showhide('51','tp_bibtex')\" title=\"Mostrar entrada BibTeX \" style=\"cursor:pointer;\">BibTeX<\/a><\/span><\/p><div class=\"tp_bibtex\" id=\"tp_bibtex_51\" style=\"display:none;\"><div class=\"tp_bibtex_entry\"><pre>@article{Campagna.etal.2025,<br \/>\r\ntitle = {Predicting Population Consequences of an Epidemic of High Pathogenicity Avian Influenza on Southern Elephant Seals},<br \/>\r\nauthor = {Claudio Campagna and Richard Condit and Mariano Ferrari and Julieta Campagna and Elena Eder and Marcela Uhart and Ralph E. T. Vanstreels and Valeria Falabella and Mirtha N. Lewis},<br \/>\r\ndoi = {10.1111\/mms.70009},<br \/>\r\nissn = {0824-0469, 1748-7692},<br \/>\r\nyear  = {2025},<br \/>\r\ndate = {2025-04-01},<br \/>\r\njournal = {Marine Mammal Science},<br \/>\r\npages = {e70009},<br \/>\r\nkeywords = {},<br \/>\r\npubstate = {published},<br \/>\r\ntppubtype = {article}<br \/>\r\n}<br \/>\r\n<\/pre><\/div><p class=\"tp_close_menu\"><a class=\"tp_close\" onclick=\"teachpress_pub_showhide('51','tp_bibtex')\">Cerrar<\/a><\/p><\/div><div class=\"tp_links\" id=\"tp_links_51\" style=\"display:none;\"><div class=\"tp_links_entry\"><ul class=\"tp_pub_list\"><li><i class=\"ai ai-doi\"><\/i><a class=\"tp_pub_list\" href=\"https:\/\/dx.doi.org\/10.1111\/mms.70009\" title=\"DOI de seguimiento:10.1111\/mms.70009\" target=\"_blank\">doi:10.1111\/mms.70009<\/a><\/li><\/ul><\/div><p class=\"tp_close_menu\"><a class=\"tp_close\" onclick=\"teachpress_pub_showhide('51','tp_links')\">Cerrar<\/a><\/p><\/div><\/div><\/div><div class=\"tp_publication tp_publication_article\"><div class=\"tp_pub_info\"><p class=\"tp_pub_author\"> Dima, Jimena Bernadette;  Ferrari, Mariano Andr\u00e9s;  Kowal, Martina Fiedorowicz;  Mandelman, Ivan<\/p><p class=\"tp_pub_title\"><a class=\"tp_title_link\" onclick=\"teachpress_pub_showhide('52','tp_links')\" style=\"cursor:pointer;\">Dispersi\u00f3n de Aditivos En Alimentos: Un Modelo de Convecci\u00f3n-Difusi\u00f3n Resuelto Por Diferencias Finitas<\/a> <span class=\"tp_pub_type tp_  article\">Art\u00edculo de revista<\/span> <\/p><p class=\"tp_pub_additional\"><span class=\"tp_pub_additional_in\">En: <\/span><span class=\"tp_pub_additional_journal\">Revista Electr\u00f3nica de Divulgaci\u00f3n de Metodolog\u00edas emergentes en el desarrollo de las STEM, <\/span><span class=\"tp_pub_additional_volume\">vol. 7, <\/span><span class=\"tp_pub_additional_number\">no 2, <\/span><span class=\"tp_pub_additional_year\">2025<\/span>.<\/p><p class=\"tp_pub_menu\"><span class=\"tp_resource_link\"><a id=\"tp_links_sh_52\" class=\"tp_show\" onclick=\"teachpress_pub_showhide('52','tp_links')\" title=\"Mostrar enlaces y recursos\" style=\"cursor:pointer;\">Enlaces<\/a><\/span> | <span class=\"tp_bibtex_link\"><a id=\"tp_bibtex_sh_52\" class=\"tp_show\" onclick=\"teachpress_pub_showhide('52','tp_bibtex')\" title=\"Mostrar entrada BibTeX \" style=\"cursor:pointer;\">BibTeX<\/a><\/span><\/p><div class=\"tp_bibtex\" id=\"tp_bibtex_52\" style=\"display:none;\"><div class=\"tp_bibtex_entry\"><pre>@article{Dima.etal.2025,<br \/>\r\ntitle = {Dispersi\u00f3n de Aditivos En Alimentos: Un Modelo de Convecci\u00f3n-Difusi\u00f3n Resuelto Por Diferencias Finitas},<br \/>\r\nauthor = {Jimena Bernadette Dima and Mariano Andr\u00e9s Ferrari and Martina Fiedorowicz Kowal and Ivan Mandelman},<br \/>\r\nurl = {https:\/\/www.revistas.unp.edu.ar\/index.php\/rediunp\/article\/view\/1095},<br \/>\r\nyear  = {2025},<br \/>\r\ndate = {2025-01-01},<br \/>\r\nurldate = {2025-01-01},<br \/>\r\njournal = {Revista Electr\u00f3nica de Divulgaci\u00f3n de Metodolog\u00edas emergentes en el desarrollo de las STEM},<br \/>\r\nvolume = {7},<br \/>\r\nnumber = {2},<br \/>\r\nkeywords = {},<br \/>\r\npubstate = {published},<br \/>\r\ntppubtype = {article}<br \/>\r\n}<br \/>\r\n<\/pre><\/div><p class=\"tp_close_menu\"><a class=\"tp_close\" onclick=\"teachpress_pub_showhide('52','tp_bibtex')\">Cerrar<\/a><\/p><\/div><div class=\"tp_links\" id=\"tp_links_52\" style=\"display:none;\"><div class=\"tp_links_entry\"><ul class=\"tp_pub_list\"><li><i class=\"fas fa-globe\"><\/i><a class=\"tp_pub_list\" href=\"https:\/\/www.revistas.unp.edu.ar\/index.php\/rediunp\/article\/view\/1095\" title=\"https:\/\/www.revistas.unp.edu.ar\/index.php\/rediunp\/article\/view\/1095\" target=\"_blank\">https:\/\/www.revistas.unp.edu.ar\/index.php\/rediunp\/article\/view\/1095<\/a><\/li><\/ul><\/div><p class=\"tp_close_menu\"><a class=\"tp_close\" onclick=\"teachpress_pub_showhide('52','tp_links')\">Cerrar<\/a><\/p><\/div><\/div><\/div><h3 class=\"tp_h3\" id=\"tp_h3_2024\">2024<\/h3><div class=\"tp_publication tp_publication_article\"><div class=\"tp_pub_info\"><p class=\"tp_pub_author\"> Merlo, Pablo J.;  Venerus, Leonardo A.;  Mandelman, Iv\u00e1n;  Irigoyen, Alejo J.<\/p><p class=\"tp_pub_title\"><a class=\"tp_title_link\" onclick=\"teachpress_pub_showhide('49','tp_links')\" style=\"cursor:pointer;\">Is Eye Allometry the Silver Bullet for Measuring Marine Fishes with a Single Camera?<\/a> <span class=\"tp_pub_type tp_  article\">Art\u00edculo de revista<\/span> <\/p><p class=\"tp_pub_additional\"><span class=\"tp_pub_additional_in\">En: <\/span><span class=\"tp_pub_additional_journal\">Ichthyology &amp; Herpetology, <\/span><span class=\"tp_pub_additional_volume\">vol. 112, <\/span><span class=\"tp_pub_additional_number\">no 4, <\/span><span class=\"tp_pub_additional_year\">2024<\/span>, <span class=\"tp_pub_additional_issn\">ISSN: 2766-1512<\/span>.<\/p><p class=\"tp_pub_menu\"><span class=\"tp_resource_link\"><a id=\"tp_links_sh_49\" class=\"tp_show\" onclick=\"teachpress_pub_showhide('49','tp_links')\" title=\"Mostrar enlaces y recursos\" style=\"cursor:pointer;\">Enlaces<\/a><\/span> | <span class=\"tp_bibtex_link\"><a id=\"tp_bibtex_sh_49\" class=\"tp_show\" onclick=\"teachpress_pub_showhide('49','tp_bibtex')\" title=\"Mostrar entrada BibTeX \" style=\"cursor:pointer;\">BibTeX<\/a><\/span><\/p><div class=\"tp_bibtex\" id=\"tp_bibtex_49\" style=\"display:none;\"><div class=\"tp_bibtex_entry\"><pre>@article{Merlo.etal.2024,<br \/>\r\ntitle = {Is Eye Allometry the Silver Bullet for Measuring Marine Fishes with a Single Camera?},<br \/>\r\nauthor = {Pablo J. Merlo and Leonardo A. Venerus and Iv\u00e1n Mandelman and Alejo J. Irigoyen},<br \/>\r\ndoi = {10.1643\/i2023083},<br \/>\r\nissn = {2766-1512},<br \/>\r\nyear  = {2024},<br \/>\r\ndate = {2024-11-01},<br \/>\r\nurldate = {2025-02-19},<br \/>\r\njournal = {Ichthyology & Herpetology},<br \/>\r\nvolume = {112},<br \/>\r\nnumber = {4},<br \/>\r\nkeywords = {},<br \/>\r\npubstate = {published},<br \/>\r\ntppubtype = {article}<br \/>\r\n}<br \/>\r\n<\/pre><\/div><p class=\"tp_close_menu\"><a class=\"tp_close\" onclick=\"teachpress_pub_showhide('49','tp_bibtex')\">Cerrar<\/a><\/p><\/div><div class=\"tp_links\" id=\"tp_links_49\" style=\"display:none;\"><div class=\"tp_links_entry\"><ul class=\"tp_pub_list\"><li><i class=\"ai ai-doi\"><\/i><a class=\"tp_pub_list\" href=\"https:\/\/dx.doi.org\/10.1643\/i2023083\" title=\"DOI de seguimiento:10.1643\/i2023083\" target=\"_blank\">doi:10.1643\/i2023083<\/a><\/li><\/ul><\/div><p class=\"tp_close_menu\"><a class=\"tp_close\" onclick=\"teachpress_pub_showhide('49','tp_links')\">Cerrar<\/a><\/p><\/div><\/div><\/div><div class=\"tp_publication tp_publication_article\"><div class=\"tp_pub_info\"><p class=\"tp_pub_author\"> Dima, Jimena B.;  Ferrari, Mariano A.;  Zaritzky, Noemi<\/p><p class=\"tp_pub_title\"><a class=\"tp_title_link\" onclick=\"teachpress_pub_showhide('46','tp_links')\" style=\"cursor:pointer;\">Mathematical Modeling of Breakthrough Curves in Dynamic Column Adsorption: Analytical Solutions and Validation<\/a> <span class=\"tp_pub_type tp_  article\">Art\u00edculo de revista<\/span> <\/p><p class=\"tp_pub_additional\"><span class=\"tp_pub_additional_in\">En: <\/span><span class=\"tp_pub_additional_journal\">Journal of Engineering Mathematics, <\/span><span class=\"tp_pub_additional_volume\">vol. 147, <\/span><span class=\"tp_pub_additional_number\">no 1, <\/span><span class=\"tp_pub_additional_pages\">pp. 8, <\/span><span class=\"tp_pub_additional_year\">2024<\/span>, <span class=\"tp_pub_additional_issn\">ISSN: 0022-0833, 1573-2703<\/span>.<\/p><p class=\"tp_pub_menu\"><span class=\"tp_resource_link\"><a id=\"tp_links_sh_46\" class=\"tp_show\" onclick=\"teachpress_pub_showhide('46','tp_links')\" title=\"Mostrar enlaces y recursos\" style=\"cursor:pointer;\">Enlaces<\/a><\/span> | <span class=\"tp_bibtex_link\"><a id=\"tp_bibtex_sh_46\" class=\"tp_show\" onclick=\"teachpress_pub_showhide('46','tp_bibtex')\" title=\"Mostrar entrada BibTeX \" style=\"cursor:pointer;\">BibTeX<\/a><\/span><\/p><div class=\"tp_bibtex\" id=\"tp_bibtex_46\" style=\"display:none;\"><div class=\"tp_bibtex_entry\"><pre>@article{Dima.etal.2024,<br \/>\r\ntitle = {Mathematical Modeling of Breakthrough Curves in Dynamic Column Adsorption: Analytical Solutions and Validation},<br \/>\r\nauthor = {Jimena B. Dima and Mariano A. Ferrari and Noemi Zaritzky},<br \/>\r\ndoi = {10.1007\/s10665-024-10375-x},<br \/>\r\nissn = {0022-0833, 1573-2703},<br \/>\r\nyear  = {2024},<br \/>\r\ndate = {2024-08-01},<br \/>\r\nurldate = {2024-06-28},<br \/>\r\njournal = {Journal of Engineering Mathematics},<br \/>\r\nvolume = {147},<br \/>\r\nnumber = {1},<br \/>\r\npages = {8},<br \/>\r\nkeywords = {},<br \/>\r\npubstate = {published},<br \/>\r\ntppubtype = {article}<br \/>\r\n}<br \/>\r\n<\/pre><\/div><p class=\"tp_close_menu\"><a class=\"tp_close\" onclick=\"teachpress_pub_showhide('46','tp_bibtex')\">Cerrar<\/a><\/p><\/div><div class=\"tp_links\" id=\"tp_links_46\" style=\"display:none;\"><div class=\"tp_links_entry\"><ul class=\"tp_pub_list\"><li><i class=\"ai ai-doi\"><\/i><a class=\"tp_pub_list\" href=\"https:\/\/dx.doi.org\/10.1007\/s10665-024-10375-x\" title=\"DOI de seguimiento:10.1007\/s10665-024-10375-x\" target=\"_blank\">doi:10.1007\/s10665-024-10375-x<\/a><\/li><\/ul><\/div><p class=\"tp_close_menu\"><a class=\"tp_close\" onclick=\"teachpress_pub_showhide('46','tp_links')\">Cerrar<\/a><\/p><\/div><\/div><\/div><div class=\"tp_publication tp_publication_article\"><div class=\"tp_pub_info\"><p class=\"tp_pub_author\"> Mandelman, Iv\u00e1n;  Ferrari, Mariano A.;  Fern\u00e1ndez, Dami\u00e1n R.<\/p><p class=\"tp_pub_title\"><a class=\"tp_title_link\" onclick=\"teachpress_pub_showhide('47','tp_links')\" style=\"cursor:pointer;\">Evaluation of a Finite Element Formulation for the Shallow Water Equations with Numerical Smoothing in the Gulf of San Jorge<\/a> <span class=\"tp_pub_type tp_  article\">Art\u00edculo de revista<\/span> <\/p><p class=\"tp_pub_additional\"><span class=\"tp_pub_additional_in\">En: <\/span><span class=\"tp_pub_additional_journal\">Computational and Applied Mathematics, <\/span><span class=\"tp_pub_additional_volume\">vol. 43, <\/span><span class=\"tp_pub_additional_number\">no 1, <\/span><span class=\"tp_pub_additional_pages\">pp. 5, <\/span><span class=\"tp_pub_additional_year\">2024<\/span>, <span class=\"tp_pub_additional_issn\">ISSN: 2238-3603, 1807-0302<\/span>.<\/p><p class=\"tp_pub_menu\"><span class=\"tp_resource_link\"><a id=\"tp_links_sh_47\" class=\"tp_show\" onclick=\"teachpress_pub_showhide('47','tp_links')\" title=\"Mostrar enlaces y recursos\" style=\"cursor:pointer;\">Enlaces<\/a><\/span> | <span class=\"tp_bibtex_link\"><a id=\"tp_bibtex_sh_47\" class=\"tp_show\" onclick=\"teachpress_pub_showhide('47','tp_bibtex')\" title=\"Mostrar entrada BibTeX \" style=\"cursor:pointer;\">BibTeX<\/a><\/span><\/p><div class=\"tp_bibtex\" id=\"tp_bibtex_47\" style=\"display:none;\"><div class=\"tp_bibtex_entry\"><pre>@article{Mandelman.etal.2024,<br \/>\r\ntitle = {Evaluation of a Finite Element Formulation for the Shallow Water Equations with Numerical Smoothing in the Gulf of San Jorge},<br \/>\r\nauthor = {Iv\u00e1n Mandelman and Mariano A. Ferrari and Dami\u00e1n R. Fern\u00e1ndez},<br \/>\r\ndoi = {10.1007\/s40314-023-02509-1},<br \/>\r\nissn = {2238-3603, 1807-0302},<br \/>\r\nyear  = {2024},<br \/>\r\ndate = {2024-02-01},<br \/>\r\nurldate = {2023-12-07},<br \/>\r\njournal = {Computational and Applied Mathematics},<br \/>\r\nvolume = {43},<br \/>\r\nnumber = {1},<br \/>\r\npages = {5},<br \/>\r\nkeywords = {},<br \/>\r\npubstate = {published},<br \/>\r\ntppubtype = {article}<br \/>\r\n}<br \/>\r\n<\/pre><\/div><p class=\"tp_close_menu\"><a class=\"tp_close\" onclick=\"teachpress_pub_showhide('47','tp_bibtex')\">Cerrar<\/a><\/p><\/div><div class=\"tp_links\" id=\"tp_links_47\" style=\"display:none;\"><div class=\"tp_links_entry\"><ul class=\"tp_pub_list\"><li><i class=\"ai ai-doi\"><\/i><a class=\"tp_pub_list\" href=\"https:\/\/dx.doi.org\/10.1007\/s40314-023-02509-1\" title=\"DOI de seguimiento:10.1007\/s40314-023-02509-1\" target=\"_blank\">doi:10.1007\/s40314-023-02509-1<\/a><\/li><\/ul><\/div><p class=\"tp_close_menu\"><a class=\"tp_close\" onclick=\"teachpress_pub_showhide('47','tp_links')\">Cerrar<\/a><\/p><\/div><\/div><\/div><h3 class=\"tp_h3\" id=\"tp_h3_2022\">2022<\/h3><div class=\"tp_publication tp_publication_article\"><div class=\"tp_pub_info\"><p class=\"tp_pub_author\"> Dima, Jimena;  Mandelman, Ivan;  Zaritzky, Noem\u00ed;  Ferrari, Mariano<\/p><p class=\"tp_pub_title\">Estudio de las curvas de adsorci\u00f3n en una columna de lecho fijo <span class=\"tp_pub_type tp_  article\">Art\u00edculo de revista<\/span> <\/p><p class=\"tp_pub_additional\"><span class=\"tp_pub_additional_in\">En: <\/span><span class=\"tp_pub_additional_journal\">Revista de Ingenier\u00eda y Ciencias Aplicadas, <\/span><span class=\"tp_pub_additional_volume\">vol. 3, <\/span><span class=\"tp_pub_additional_number\">no 1, <\/span><span class=\"tp_pub_additional_year\">2022<\/span>, <span class=\"tp_pub_additional_issn\">ISSN: 2796-9444<\/span>.<\/p><p class=\"tp_pub_menu\"><span class=\"tp_bibtex_link\"><a id=\"tp_bibtex_sh_45\" class=\"tp_show\" onclick=\"teachpress_pub_showhide('45','tp_bibtex')\" title=\"Mostrar entrada BibTeX \" style=\"cursor:pointer;\">BibTeX<\/a><\/span><\/p><div class=\"tp_bibtex\" id=\"tp_bibtex_45\" style=\"display:none;\"><div class=\"tp_bibtex_entry\"><pre>@article{Dima.etal.2022,<br \/>\r\ntitle = {Estudio de las curvas de adsorci\u00f3n en una columna de lecho fijo},<br \/>\r\nauthor = {Jimena Dima and Ivan Mandelman and Noem\u00ed Zaritzky and Mariano Ferrari},<br \/>\r\nissn = {2796-9444},<br \/>\r\nyear  = {2022},<br \/>\r\ndate = {2022-12-01},<br \/>\r\nurldate = {2023-04-14},<br \/>\r\njournal = {Revista de Ingenier\u00eda y Ciencias Aplicadas},<br \/>\r\nvolume = {3},<br \/>\r\nnumber = {1},<br \/>\r\nkeywords = {},<br \/>\r\npubstate = {published},<br \/>\r\ntppubtype = {article}<br \/>\r\n}<br \/>\r\n<\/pre><\/div><p class=\"tp_close_menu\"><a class=\"tp_close\" onclick=\"teachpress_pub_showhide('45','tp_bibtex')\">Cerrar<\/a><\/p><\/div><\/div><\/div><h3 class=\"tp_h3\" id=\"tp_h3_2021\">2021<\/h3><div class=\"tp_publication tp_publication_inproceedings\"><div class=\"tp_pub_info\"><p class=\"tp_pub_author\"> Mandelman, Iv\u00e1n;  Ferrari, Mariano A.;  Fern\u00e1ndez, Dami\u00e1n<\/p><p class=\"tp_pub_title\">Modelado de Corrientes de Mareas En Zonas Costeras Aplicado al Golfo San Jorge <span class=\"tp_pub_type tp_  inproceedings\">Proceedings Article<\/span> <\/p><p class=\"tp_pub_additional\"><span class=\"tp_pub_additional_in\">En: <\/span> Schuverdt, Mar\u00eda Laura;  Kudraszow, Nadia;  Vignau, Ra\u00fal P.;  S\u00e1nchez, Mar\u00eda Daniela (Ed.): <span class=\"tp_pub_additional_booktitle\">MACI Vol. 8 Matem\u00e1tica Aplicada, Computacional e Industrial, <\/span><span class=\"tp_pub_additional_year\">2021<\/span>.<\/p><p class=\"tp_pub_menu\"><span class=\"tp_bibtex_link\"><a id=\"tp_bibtex_sh_48\" class=\"tp_show\" onclick=\"teachpress_pub_showhide('48','tp_bibtex')\" title=\"Mostrar entrada BibTeX \" style=\"cursor:pointer;\">BibTeX<\/a><\/span><\/p><div class=\"tp_bibtex\" id=\"tp_bibtex_48\" style=\"display:none;\"><div class=\"tp_bibtex_entry\"><pre>@inproceedings{Mandelman.etal.2021,<br \/>\r\ntitle = {Modelado de Corrientes de Mareas En Zonas Costeras Aplicado al Golfo San Jorge},<br \/>\r\nauthor = {Iv\u00e1n Mandelman and Mariano A. Ferrari and Dami\u00e1n Fern\u00e1ndez},<br \/>\r\neditor = {Mar\u00eda Laura Schuverdt and Nadia Kudraszow and Ra\u00fal P. Vignau and Mar\u00eda Daniela S\u00e1nchez},<br \/>\r\nyear  = {2021},<br \/>\r\ndate = {2021-01-01},<br \/>\r\nbooktitle = {MACI Vol. 8 Matem\u00e1tica Aplicada, Computacional e Industrial},<br \/>\r\nkeywords = {},<br \/>\r\npubstate = {published},<br \/>\r\ntppubtype = {inproceedings}<br \/>\r\n}<br \/>\r\n<\/pre><\/div><p class=\"tp_close_menu\"><a class=\"tp_close\" onclick=\"teachpress_pub_showhide('48','tp_bibtex')\">Cerrar<\/a><\/p><\/div><\/div><\/div><h3 class=\"tp_h3\" id=\"tp_h3_2020\">2020<\/h3><div class=\"tp_publication tp_publication_article\"><div class=\"tp_pub_info\"><p class=\"tp_pub_author\"> Dima, Jimena B;  Ferrari, Mariano;  Zaritzky, Noemi<\/p><p class=\"tp_pub_title\"><a class=\"tp_title_link\" onclick=\"teachpress_pub_showhide('44','tp_links')\" style=\"cursor:pointer;\">Mathematical Modeling of Fixed-Bed Columns Adsorption: Hexavalent Chromium onto Chitosan Flakes<\/a> <span class=\"tp_pub_type tp_  article\">Art\u00edculo de revista<\/span> <\/p><p class=\"tp_pub_additional\"><span class=\"tp_pub_additional_in\">En: <\/span><span class=\"tp_pub_additional_journal\">Industrial &amp; Engineering Chemistry Research, <\/span><span class=\"tp_pub_additional_volume\">vol. 59, <\/span><span class=\"tp_pub_additional_number\">no 34, <\/span><span class=\"tp_pub_additional_pages\">pp. 15378\u201315386, <\/span><span class=\"tp_pub_additional_year\">2020<\/span>, <span class=\"tp_pub_additional_issn\">ISSN: 0888-5885, 1520-5045<\/span>.<\/p><p class=\"tp_pub_menu\"><span class=\"tp_resource_link\"><a id=\"tp_links_sh_44\" class=\"tp_show\" onclick=\"teachpress_pub_showhide('44','tp_links')\" title=\"Mostrar enlaces y recursos\" style=\"cursor:pointer;\">Enlaces<\/a><\/span> | <span class=\"tp_bibtex_link\"><a id=\"tp_bibtex_sh_44\" class=\"tp_show\" onclick=\"teachpress_pub_showhide('44','tp_bibtex')\" title=\"Mostrar entrada BibTeX \" style=\"cursor:pointer;\">BibTeX<\/a><\/span><\/p><div class=\"tp_bibtex\" id=\"tp_bibtex_44\" style=\"display:none;\"><div class=\"tp_bibtex_entry\"><pre>@article{Dima.etal.2020,<br \/>\r\ntitle = {Mathematical Modeling of Fixed-Bed Columns Adsorption: Hexavalent Chromium onto Chitosan Flakes},<br \/>\r\nauthor = {Jimena B Dima and Mariano Ferrari and Noemi Zaritzky},<br \/>\r\ndoi = {10.1021\/acs.iecr.0c02004},<br \/>\r\nissn = {0888-5885, 1520-5045},<br \/>\r\nyear  = {2020},<br \/>\r\ndate = {2020-08-01},<br \/>\r\nurldate = {2021-03-17},<br \/>\r\njournal = {Industrial & Engineering Chemistry Research},<br \/>\r\nvolume = {59},<br \/>\r\nnumber = {34},<br \/>\r\npages = {15378\u201315386},<br \/>\r\nkeywords = {},<br \/>\r\npubstate = {published},<br \/>\r\ntppubtype = {article}<br \/>\r\n}<br \/>\r\n<\/pre><\/div><p class=\"tp_close_menu\"><a class=\"tp_close\" onclick=\"teachpress_pub_showhide('44','tp_bibtex')\">Cerrar<\/a><\/p><\/div><div class=\"tp_links\" id=\"tp_links_44\" style=\"display:none;\"><div class=\"tp_links_entry\"><ul class=\"tp_pub_list\"><li><i class=\"ai ai-doi\"><\/i><a class=\"tp_pub_list\" href=\"https:\/\/dx.doi.org\/10.1021\/acs.iecr.0c02004\" title=\"DOI de seguimiento:10.1021\/acs.iecr.0c02004\" target=\"_blank\">doi:10.1021\/acs.iecr.0c02004<\/a><\/li><\/ul><\/div><p class=\"tp_close_menu\"><a class=\"tp_close\" onclick=\"teachpress_pub_showhide('44','tp_links')\">Cerrar<\/a><\/p><\/div><\/div><\/div><h3 class=\"tp_h3\" id=\"tp_h3_2019\">2019<\/h3><div class=\"tp_publication tp_publication_inproceedings\"><div class=\"tp_pub_info\"><p class=\"tp_pub_author\"> Bonfili, Paola;  Eder, Elena Beatr\u00edz;  Ferrari, Mariano<\/p><p class=\"tp_pub_title\">Un Modelo de Dos Sexos Con Migraci\u00f3n <span class=\"tp_pub_type tp_  inproceedings\">Proceedings Article<\/span> <\/p><p class=\"tp_pub_additional\"><span class=\"tp_pub_additional_in\">En: <\/span> Ceballos, Luis R.;  Gariboldi, Pablo A. Claudia M.;  Roccia, Bruno A. (Ed.): <span class=\"tp_pub_additional_booktitle\">MACI Vol. 7 Matem\u00e1tica Aplicada, Computacional e Industrial, <\/span><span class=\"tp_pub_additional_year\">2019<\/span>.<\/p><p class=\"tp_pub_menu\"><span class=\"tp_bibtex_link\"><a id=\"tp_bibtex_sh_42\" class=\"tp_show\" onclick=\"teachpress_pub_showhide('42','tp_bibtex')\" title=\"Mostrar entrada BibTeX \" style=\"cursor:pointer;\">BibTeX<\/a><\/span><\/p><div class=\"tp_bibtex\" id=\"tp_bibtex_42\" style=\"display:none;\"><div class=\"tp_bibtex_entry\"><pre>@inproceedings{Bonfili.etal.2019,<br \/>\r\ntitle = {Un Modelo de Dos Sexos Con Migraci\u00f3n},<br \/>\r\nauthor = {Paola Bonfili and Elena Beatr\u00edz Eder and Mariano Ferrari},<br \/>\r\neditor = {Luis R. Ceballos and Pablo A. Claudia M. Gariboldi and Bruno A. Roccia},<br \/>\r\nyear  = {2019},<br \/>\r\ndate = {2019-01-01},<br \/>\r\nbooktitle = {MACI Vol. 7 Matem\u00e1tica Aplicada, Computacional e Industrial},<br \/>\r\nkeywords = {},<br \/>\r\npubstate = {published},<br \/>\r\ntppubtype = {inproceedings}<br \/>\r\n}<br \/>\r\n<\/pre><\/div><p class=\"tp_close_menu\"><a class=\"tp_close\" onclick=\"teachpress_pub_showhide('42','tp_bibtex')\">Cerrar<\/a><\/p><\/div><\/div><\/div><div class=\"tp_publication tp_publication_inproceedings\"><div class=\"tp_pub_info\"><p class=\"tp_pub_author\"> Dima, Jimena B;  Ferrari, Mariano A.;  Zaritzky, Noemi E.<\/p><p class=\"tp_pub_title\">Modelado Estad\u00edstico de Adsorci\u00f3n de Metales Pesados En Una Columna de Lecho Fijo <span class=\"tp_pub_type tp_  inproceedings\">Proceedings Article<\/span> <\/p><p class=\"tp_pub_additional\"><span class=\"tp_pub_additional_in\">En: <\/span> Franco, Rosendo;  Cabrera, Gerardo (Ed.): <span class=\"tp_pub_additional_booktitle\">CAIP'2019 Trabajos Completos, <\/span><span class=\"tp_pub_additional_address\">Lima, Per\u00fa, <\/span><span class=\"tp_pub_additional_year\">2019<\/span>.<\/p><p class=\"tp_pub_menu\"><span class=\"tp_bibtex_link\"><a id=\"tp_bibtex_sh_43\" class=\"tp_show\" onclick=\"teachpress_pub_showhide('43','tp_bibtex')\" title=\"Mostrar entrada BibTeX \" style=\"cursor:pointer;\">BibTeX<\/a><\/span><\/p><div class=\"tp_bibtex\" id=\"tp_bibtex_43\" style=\"display:none;\"><div class=\"tp_bibtex_entry\"><pre>@inproceedings{Dima.etal.2019a,<br \/>\r\ntitle = {Modelado Estad\u00edstico de Adsorci\u00f3n de Metales Pesados En Una Columna de Lecho Fijo},<br \/>\r\nauthor = {Jimena B Dima and Mariano A. Ferrari and Noemi E. Zaritzky},<br \/>\r\neditor = {Rosendo Franco and Gerardo Cabrera},<br \/>\r\nyear  = {2019},<br \/>\r\ndate = {2019-01-01},<br \/>\r\nbooktitle = {CAIP'2019 Trabajos Completos},<br \/>\r\naddress = {Lima, Per\u00fa},<br \/>\r\nkeywords = {},<br \/>\r\npubstate = {published},<br \/>\r\ntppubtype = {inproceedings}<br \/>\r\n}<br \/>\r\n<\/pre><\/div><p class=\"tp_close_menu\"><a class=\"tp_close\" onclick=\"teachpress_pub_showhide('43','tp_bibtex')\">Cerrar<\/a><\/p><\/div><\/div><\/div><\/div><\/div>\n","protected":false},"excerpt":{"rendered":"","protected":false},"author":1,"featured_media":0,"parent":0,"menu_order":0,"comment_status":"closed","ping_status":"closed","template":"","meta":{"_acf_changed":false,"footnotes":""},"class_list":["post-44","page","type-page","status-publish"],"acf":[],"_links":{"self":[{"href":"https:\/\/momap.ing.unp.edu.ar\/index.php\/wp-json\/wp\/v2\/pages\/44","targetHints":{"allow":["GET"]}}],"collection":[{"href":"https:\/\/momap.ing.unp.edu.ar\/index.php\/wp-json\/wp\/v2\/pages"}],"about":[{"href":"https:\/\/momap.ing.unp.edu.ar\/index.php\/wp-json\/wp\/v2\/types\/page"}],"author":[{"embeddable":true,"href":"https:\/\/momap.ing.unp.edu.ar\/index.php\/wp-json\/wp\/v2\/users\/1"}],"replies":[{"embeddable":true,"href":"https:\/\/momap.ing.unp.edu.ar\/index.php\/wp-json\/wp\/v2\/comments?post=44"}],"version-history":[{"count":6,"href":"https:\/\/momap.ing.unp.edu.ar\/index.php\/wp-json\/wp\/v2\/pages\/44\/revisions"}],"predecessor-version":[{"id":743,"href":"https:\/\/momap.ing.unp.edu.ar\/index.php\/wp-json\/wp\/v2\/pages\/44\/revisions\/743"}],"wp:attachment":[{"href":"https:\/\/momap.ing.unp.edu.ar\/index.php\/wp-json\/wp\/v2\/media?parent=44"}],"curies":[{"name":"wp","href":"https:\/\/api.w.org\/{rel}","templated":true}]}}